{"id":19347,"date":"2023-03-03T10:52:47","date_gmt":"2023-03-03T09:52:47","guid":{"rendered":"https:\/\/pro.grad-system.com\/kontakt-zu-einem-vertriebsmitarbeiter\/"},"modified":"2023-04-06T16:21:57","modified_gmt":"2023-04-06T14:21:57","slug":"kontakt-zu-einem-vertriebsmitarbeiter","status":"publish","type":"page","link":"https:\/\/pro.grad-system.com\/de\/kontakt\/kontakt-zu-einem-vertriebsmitarbeiter\/","title":{"rendered":"Ansprechpartner finden"},"content":{"rendered":"<p><div class=\"fusion-fullwidth fullwidth-box fusion-builder-row-1 fusion-flex-container has-pattern-background has-mask-background nonhundred-percent-fullwidth non-hundred-percent-height-scrolling\" style=\"background-color: rgba(255,255,255,0);background-position: center center;background-repeat: no-repeat;border-width: 0px 1px 1px 1px;border-color:#1d1d1f;border-style:solid;\" ><div class=\"fusion-builder-row fusion-row fusion-flex-align-items-center\" style=\"max-width:1248px;margin-left: calc(-4% \/ 2 );margin-right: calc(-4% \/ 2 );\"><div class=\"fusion-layout-column fusion_builder_column fusion-builder-column-0 fusion_builder_column_1_1 1_1 fusion-flex-column\"><div class=\"fusion-column-wrapper fusion-flex-justify-content-flex-start fusion-content-layout-column\" style=\"background-position:left top;background-repeat:no-repeat;-webkit-background-size:cover;-moz-background-size:cover;-o-background-size:cover;background-size:cover;padding: 0px 0px 0px 0px;\"><style type=\"text\/css\">.fusion-breadcrumbs.fusion-breadcrumbs-1{font-size:18px;}.fusion-breadcrumbs.fusion-breadcrumbs-1 span a:hover{color:#5f7365 !important;}.fusion-breadcrumbs.fusion-breadcrumbs-1{color:#1d1d1f;}.fusion-breadcrumbs.fusion-breadcrumbs-1 a{color:#1d1d1f;}<\/style><div class=\"fusion-breadcrumbs fusion-breadcrumbs-1\" style=\"margin-bottom:0px;text-align:left;\"><span class=\"fusion-breadcrumb-item\"><a href=\"https:\/\/pro.grad-system.com\/de\/\" class=\"fusion-breadcrumb-link\"><span >Home<\/span><\/a><\/span><span class=\"fusion-breadcrumb-sep\">><\/span><\/div><\/div><style type=\"text\/css\">.fusion-body .fusion-builder-column-0{width:100% !important;margin-top : 0px;margin-bottom : 0px;}.fusion-builder-column-0 > .fusion-column-wrapper {padding-top : 0px !important;padding-right : 0px !important;margin-right : 1.92%;padding-bottom : 0px !important;padding-left : 0px !important;margin-left : 1.92%;}@media only screen and (max-width:1024px) {.fusion-body .fusion-builder-column-0{width:100% !important;order : 0;}.fusion-builder-column-0 > .fusion-column-wrapper {margin-right : 1.92%;margin-left : 1.92%;}}@media only screen and (max-width:640px) {.fusion-body .fusion-builder-column-0{width:100% !important;order : 0;}.fusion-builder-column-0 > .fusion-column-wrapper {margin-right : 1.92%;margin-left : 1.92%;}}<\/style><\/div><\/div><style type=\"text\/css\">.fusion-body .fusion-flex-container.fusion-builder-row-1{ padding-top : 30px;margin-top : 0px;padding-right : 80px;padding-bottom : 30px;margin-bottom : 0px;padding-left : 80px;}@media only screen and (max-width:640px) {.fusion-body .fusion-flex-container.fusion-builder-row-1{ padding-top : 30px;margin-top : 50px;padding-right : 30px;padding-bottom : 30px;padding-left : 30px;}}<\/style><\/div><div class=\"fusion-fullwidth fullwidth-box fusion-builder-row-2 fusion-flex-container has-pattern-background has-mask-background nonhundred-percent-fullwidth non-hundred-percent-height-scrolling\" style=\"background-color: rgba(255,255,255,0);background-position: center center;background-repeat: no-repeat;border-width: 0px 1px 1px 1px;border-color:#1d1d1f;border-style:solid;\" ><div class=\"fusion-builder-row fusion-row fusion-flex-align-items-flex-start\" style=\"max-width:1248px;margin-left: calc(-4% \/ 2 );margin-right: calc(-4% \/ 2 );\"><div class=\"fusion-layout-column fusion_builder_column fusion-builder-column-1 fusion_builder_column_1_1 1_1 fusion-flex-column\"><div class=\"fusion-column-wrapper fusion-flex-justify-content-flex-start fusion-content-layout-column\" style=\"background-position:left top;background-repeat:no-repeat;-webkit-background-size:cover;-moz-background-size:cover;-o-background-size:cover;background-size:cover;padding: 0px 0px 0px 0px;\"><style type=\"text\/css\">@media only screen and (max-width:1024px) {.fusion-title.fusion-title-1{margin-top:10px!important; margin-right:0px!important;margin-bottom:15px!important;margin-left:0px!important;}}@media only screen and (max-width:640px) {.fusion-title.fusion-title-1{margin-top:10px!important; margin-right:0px!important;margin-bottom:10px!important; margin-left:0px!important;}}<\/style><div class=\"fusion-title title fusion-title-1 fusion-sep-none fusion-title-text fusion-title-size-one\" style=\"font-size:36px;margin-top:10px;margin-right:0px;margin-bottom:15px;margin-left:0px;\"><h1 class=\"title-heading-left sm-text-align-center fusion-responsive-typography-calculated\" style=\"font-family:&quot;IvyStyleSans-Bold&quot;;font-weight:400;margin:0;font-size:1em;text-transform:uppercase;color:#1d1d1f;--fontSize:36;line-height:1.16;\">Kontakt zu einem Vertriebsmitarbeiter<\/h1><\/div><div class=\"fusion-text fusion-text-1 fusion-text-no-margin t-justify-responsive\" style=\"font-size:20px;line-height:1.5;color:#1d1d1f;font-family:&quot;IvyStyleSans-Light&quot;;font-weight:400;margin-bottom:0px;\"><p>Finden Sie jetzt einen Grad-Vertriebsmitarbeiter in Ihrer N\u00e4he. Profitieren Sie von einem pers\u00f6nlichen Ansprechpartner und erfahren Sie mehr \u00fcber unser innovatives Konzept und seine vielf\u00e4ltigen M\u00f6glichkeiten.<\/p>\n<\/div><\/div><style type=\"text\/css\">.fusion-body .fusion-builder-column-1{width:100% !important;margin-top : 0px;margin-bottom : 0px;}.fusion-builder-column-1 > .fusion-column-wrapper {padding-top : 0px !important;padding-right : 0px !important;margin-right : 1.92%;padding-bottom : 0px !important;padding-left : 0px !important;margin-left : 1.92%;}@media only screen and (max-width:1024px) {.fusion-body .fusion-builder-column-1{width:100% !important;order : 0;}.fusion-builder-column-1 > .fusion-column-wrapper {margin-right : 1.92%;margin-left : 1.92%;}}@media only screen and (max-width:640px) {.fusion-body .fusion-builder-column-1{width:100% !important;order : 0;}.fusion-builder-column-1 > .fusion-column-wrapper {margin-right : 1.92%;margin-left : 1.92%;}}<\/style><\/div><\/div><style type=\"text\/css\">.fusion-body .fusion-flex-container.fusion-builder-row-2{ padding-top : 40px;margin-top : 0px;padding-right : 80px;padding-bottom : 40px;margin-bottom : 0px;padding-left : 80px;}@media only screen and (max-width:640px) {.fusion-body .fusion-flex-container.fusion-builder-row-2{ padding-top : 30px;padding-right : 30px;padding-bottom : 30px;padding-left : 30px;}}<\/style><\/div><div class=\"fusion-fullwidth fullwidth-box fusion-builder-row-3 fusion-flex-container has-pattern-background has-mask-background test888 nonhundred-percent-fullwidth non-hundred-percent-height-scrolling\" style=\"background-color: rgba(255,255,255,0);background-position: center center;background-repeat: no-repeat;border-width: 0px 1px 1px 1px;border-color:#1d1d1f;border-style:solid;\" ><div class=\"fusion-builder-row fusion-row fusion-flex-align-items-flex-start\" style=\"max-width:1248px;margin-left: calc(-4% \/ 2 );margin-right: calc(-4% \/ 2 );\"><div class=\"fusion-layout-column fusion_builder_column fusion-builder-column-2 fusion_builder_column_1_1 1_1 fusion-flex-column overflow-hidden\"><div class=\"fusion-column-wrapper fusion-flex-justify-content-flex-start fusion-content-layout-column\" style=\"background-position:left top;background-repeat:no-repeat;-webkit-background-size:cover;-moz-background-size:cover;-o-background-size:cover;background-size:cover;padding: 0px 0px 0px 0px;\"><div class=\"fusion-tabs fusion-tabs-1 clean nav-not-justified overflow-hidden map_commerciaux horizontal-tabs icon-position-left mobile-mode-accordion\" style=\"--icon-color:#1d1d1f;--icon-active-color:#ffffff;\"><style type=\"text\/css\">#wrapper .fusion-tabs.fusion-tabs-1.clean .nav-tabs li a.tab-link{border-color:#1d1d1f;}.fusion-tabs.fusion-tabs-1 .nav-tabs li a.tab-link{background-color:#ffffff;}.fusion-tabs.fusion-tabs-1 .nav-tabs li.active a.tab-link,.fusion-tabs.fusion-tabs-1 .nav-tabs li.active a.tab-link:hover,.fusion-tabs.fusion-tabs-1 .nav-tabs li.active a.tab-link:focus{background-color:#333d3c;}.fusion-tabs.fusion-tabs-1 .nav-tabs li a:hover{background-color:#333d3c;border-top-color:#333d3c;}.fusion-tabs.fusion-tabs-1 .tab-pane{background-color:#333d3c;}.fusion-tabs.fusion-tabs-1 .nav,.fusion-tabs.fusion-tabs-1 .nav-tabs,.fusion-tabs.fusion-tabs-1 .tab-content .tab-pane{border-color:#1d1d1f;}.fusion-tabs.fusion-tabs-1 .nav:not(.fusion-mobile-tab-nav){display:flex;justify-content:center;}@media only screen and (max-width: 800px){ .fusion-tabs.fusion-tabs-1 .nav:not(.fusion-mobile-tab-nav){\n\t\t\t\t\t\t\tdisplay: none;\n\t\t\t\t\t\t}}.fusion-tabs.fusion-tabs-1 .nav-tabs li .fusion-tab-heading {font-family:\"IvyStyleSans-Light\" !important;font-weight:400 !important;font-size: 16px !important;color: #1d1d1f !important;}.fusion-tabs.fusion-tabs-1 .nav-tabs li.active .fusion-tab-heading, .fusion-tabs.fusion-tabs-1 .nav-tabs li:hover .fusion-tab-heading { color:#ffffff !important;}.fusion-tabs.fusion-tabs-1 .nav-tabs li .tab-link {padding-top: 15px !important;padding-right: 50px !important;padding-bottom: 15px !important;padding-left: 50px !important;}.fusion-tabs.fusion-tabs-1 .tab-content .tab-pane {padding-top: 0px !important;padding-right: 0px !important;padding-bottom: 0px !important;padding-left: 0px !important;}<\/style><div class=\"nav\"><ul class=\"nav-tabs\" role=\"tablist\"><li class=\"active\" role=\"presentation\"><a class=\"tab-link\" data-toggle=\"tab\" role=\"tab\" aria-controls=\"tab-2664afce76a7ded379c\" aria-selected=\"true\" id=\"fusion-tab-weltweit\" href=\"#tab-2664afce76a7ded379c\"><h4 class=\"fusion-tab-heading\">Weltweit<\/h4><\/a><\/li><li role=\"presentation\"><a class=\"tab-link\" data-toggle=\"tab\" role=\"tab\" aria-controls=\"tab-5ad3e3c6d3100a576b2\" aria-selected=\"false\" tabindex=\"-1\" id=\"fusion-tab-frankreich\" href=\"#tab-5ad3e3c6d3100a576b2\"><h4 class=\"fusion-tab-heading\">Frankreich<\/h4><\/a><\/li><li role=\"presentation\"><a class=\"tab-link\" data-toggle=\"tab\" role=\"tab\" aria-controls=\"tab-2140aee6974228f38c9\" aria-selected=\"false\" tabindex=\"-1\" id=\"fusion-tab-deutschland\" href=\"#tab-2140aee6974228f38c9\"><h4 class=\"fusion-tab-heading\">Deutschland<\/h4><\/a><\/li><\/ul><\/div><div class=\"tab-content\"><div class=\"nav fusion-mobile-tab-nav\"><ul class=\"nav-tabs\" role=\"tablist\"><li class=\"active\" role=\"presentation\"><a class=\"tab-link\" data-toggle=\"tab\" role=\"tab\" aria-controls=\"tab-2664afce76a7ded379c\" aria-selected=\"true\" id=\"mobile-fusion-tab-weltweit\" href=\"#tab-2664afce76a7ded379c\"><h4 class=\"fusion-tab-heading\">Weltweit<\/h4><\/a><\/li><\/ul><\/div><div class=\"tab-pane fade fusion-clearfix in active\" role=\"tabpanel\" tabindex=\"0\" aria-labelledby=\"fusion-tab-weltweit\" id=\"tab-2664afce76a7ded379c\">\n<div class=\"map_wrapper\" id=\"map_wrapper_18050\">\n<div class=\"map_box\" style=\"max-width:2000px\">\n<div class=\"map_aspect_ratio\" style=\"padding-top:56%\" data-padding-top=\"56%\" data-padding-top-mobile=\"70%\">\n<div class=\"map_container\">\n<div class=\"map_render map_loading\" id=\"map_18050\"><\/div>\n<\/div>\n<\/div>\n<\/div><div class=\"igm_content_below\"><div id=\"default_18050\"><\/div><\/div>\n<\/div>\n<\/div><div class=\"nav fusion-mobile-tab-nav\"><ul class=\"nav-tabs\" role=\"tablist\"><li role=\"presentation\"><a class=\"tab-link\" data-toggle=\"tab\" role=\"tab\" aria-controls=\"tab-5ad3e3c6d3100a576b2\" aria-selected=\"false\" tabindex=\"-1\" id=\"mobile-fusion-tab-frankreich\" href=\"#tab-5ad3e3c6d3100a576b2\"><h4 class=\"fusion-tab-heading\">Frankreich<\/h4><\/a><\/li><\/ul><\/div><div class=\"tab-pane fade fusion-clearfix\" role=\"tabpanel\" tabindex=\"0\" aria-labelledby=\"fusion-tab-frankreich\" id=\"tab-5ad3e3c6d3100a576b2\"><div class=\"map_wrapper\" id=\"map_wrapper_18053\">\n<div class=\"map_box\" style=\"max-width:2000px\">\n<div class=\"map_aspect_ratio\" style=\"padding-top:56%\" data-padding-top=\"56%\" data-padding-top-mobile=\"0%\">\n<div class=\"map_container\">\n<div class=\"map_render map_loading\" id=\"map_18053\"><\/div>\n<\/div>\n<\/div>\n<\/div><div class=\"igm_content_below\"><div id=\"default_18053\"><\/div><\/div>\n<\/div><\/div><div class=\"nav fusion-mobile-tab-nav\"><ul class=\"nav-tabs\" role=\"tablist\"><li role=\"presentation\"><a class=\"tab-link\" data-toggle=\"tab\" role=\"tab\" aria-controls=\"tab-2140aee6974228f38c9\" aria-selected=\"false\" tabindex=\"-1\" id=\"mobile-fusion-tab-deutschland\" href=\"#tab-2140aee6974228f38c9\"><h4 class=\"fusion-tab-heading\">Deutschland<\/h4><\/a><\/li><\/ul><\/div><div class=\"tab-pane fade fusion-clearfix\" role=\"tabpanel\" tabindex=\"0\" aria-labelledby=\"fusion-tab-deutschland\" id=\"tab-2140aee6974228f38c9\"><div class=\"map_wrapper\" id=\"map_wrapper_18058\">\n<div class=\"map_box\" style=\"max-width:2000px\">\n<div class=\"map_aspect_ratio\" style=\"padding-top:56%\" data-padding-top=\"56%\" data-padding-top-mobile=\"0%\">\n<div class=\"map_container\">\n<div class=\"map_render map_loading\" id=\"map_18058\"><\/div>\n<\/div>\n<\/div>\n<\/div><div class=\"igm_content_below\"><div id=\"default_18058\"><\/div><\/div>\n<\/div><\/div><\/div><\/div><\/div><style type=\"text\/css\">.fusion-body .fusion-builder-column-2{width:100% !important;margin-top : 0px;margin-bottom : 0px;}.fusion-builder-column-2 > .fusion-column-wrapper {padding-top : 0px !important;padding-right : 0px !important;margin-right : 1.92%;padding-bottom : 0px !important;padding-left : 0px !important;margin-left : 1.92%;}@media only screen and (max-width:1024px) {.fusion-body .fusion-builder-column-2{width:100% !important;order : 0;}.fusion-builder-column-2 > .fusion-column-wrapper {margin-right : 1.92%;margin-left : 1.92%;}}@media only screen and (max-width:640px) {.fusion-body .fusion-builder-column-2{width:100% !important;order : 0;}.fusion-builder-column-2 > .fusion-column-wrapper {margin-right : 1.92%;margin-left : 1.92%;}}<\/style><\/div><\/div><style type=\"text\/css\">.fusion-body .fusion-flex-container.fusion-builder-row-3{ padding-top : 40px;margin-top : 0px;padding-right : 0px;padding-bottom : 0px;margin-bottom : 0px;padding-left : 0px;}@media only screen and (max-width:640px) {.fusion-body .fusion-flex-container.fusion-builder-row-3{ padding-top : 0px;padding-right : 0px;padding-bottom : 0px;padding-left : 0px;}}<\/style><\/div><\/p>\n","protected":false},"excerpt":{"rendered":"","protected":false},"author":60,"featured_media":0,"parent":19588,"menu_order":0,"comment_status":"closed","ping_status":"closed","template":"","meta":{"footnotes":""},"class_list":["post-19347","page","type-page","status-publish","hentry"],"yoast_head":"<!-- This site is optimized with the Yoast SEO plugin v21.2 - https:\/\/yoast.com\/wordpress\/plugins\/seo\/ -->\n<title>Ansprechpartner finden - Grad System - Espace Pro<\/title>\n<meta name=\"robots\" content=\"noindex, nofollow\" \/>\n<meta property=\"og:locale\" content=\"de_DE\" \/>\n<meta property=\"og:type\" content=\"article\" \/>\n<meta property=\"og:title\" content=\"Ansprechpartner finden - Grad System - Espace Pro\" \/>\n<meta property=\"og:url\" content=\"https:\/\/pro.grad-system.com\/pro\/contact\/contacter-un-commercial\/\" \/>\n<meta property=\"og:site_name\" content=\"Grad System - Espace Pro\" \/>\n<meta property=\"article:publisher\" content=\"https:\/\/fr-fr.facebook.com\/terrasses.grad\/\" \/>\n<meta property=\"article:modified_time\" content=\"2023-04-06T14:21:57+00:00\" \/>\n<meta name=\"twitter:card\" content=\"summary_large_image\" \/>\n<meta name=\"twitter:label1\" content=\"Gesch\u00e4tzte Lesezeit\" \/>\n\t<meta name=\"twitter:data1\" content=\"14\u00a0Minuten\" \/>\n<script type=\"application\/ld+json\" class=\"yoast-schema-graph\">{\"@context\":\"https:\/\/schema.org\",\"@graph\":[{\"@type\":\"WebPage\",\"@id\":\"https:\/\/pro.grad-system.com\/pro\/contact\/contacter-un-commercial\/\",\"url\":\"https:\/\/pro.grad-system.com\/pro\/contact\/contacter-un-commercial\/\",\"name\":\"Ansprechpartner finden - Grad System - Espace Pro\",\"isPartOf\":{\"@id\":\"https:\/\/pro.grad-system.com\/#website\"},\"datePublished\":\"2023-03-03T09:52:47+00:00\",\"dateModified\":\"2023-04-06T14:21:57+00:00\",\"breadcrumb\":{\"@id\":\"https:\/\/pro.grad-system.com\/pro\/contact\/contacter-un-commercial\/#breadcrumb\"},\"inLanguage\":\"de\",\"potentialAction\":[{\"@type\":\"ReadAction\",\"target\":[\"https:\/\/pro.grad-system.com\/pro\/contact\/contacter-un-commercial\/\"]}]},{\"@type\":\"BreadcrumbList\",\"@id\":\"https:\/\/pro.grad-system.com\/pro\/contact\/contacter-un-commercial\/#breadcrumb\",\"itemListElement\":[{\"@type\":\"ListItem\",\"position\":1,\"name\":\"Grad\",\"item\":\"https:\/\/pro.grad-system.com\/\"},{\"@type\":\"ListItem\",\"position\":2,\"name\":\"Profi-Bereich\",\"item\":\"https:\/\/pro.grad-system.com\/\"},{\"@type\":\"ListItem\",\"position\":3,\"name\":\"Kontakt\",\"item\":\"https:\/\/pro.grad-system.com\/pro\/contact\/\"},{\"@type\":\"ListItem\",\"position\":4,\"name\":\"Ansprechpartner finden\"}]},{\"@type\":\"WebSite\",\"@id\":\"https:\/\/pro.grad-system.com\/#website\",\"url\":\"https:\/\/pro.grad-system.com\/\",\"name\":\"Grad System - Espace Pro\",\"description\":\"Terrasse \u00e0 clipser\",\"publisher\":{\"@id\":\"https:\/\/pro.grad-system.com\/#organization\"},\"potentialAction\":[{\"@type\":\"SearchAction\",\"target\":{\"@type\":\"EntryPoint\",\"urlTemplate\":\"https:\/\/pro.grad-system.com\/?s={search_term_string}\"},\"query-input\":\"required name=search_term_string\"}],\"inLanguage\":\"de\"},{\"@type\":\"Organization\",\"@id\":\"https:\/\/pro.grad-system.com\/#organization\",\"name\":\"Grad Concept\",\"url\":\"https:\/\/pro.grad-system.com\/\",\"logo\":{\"@type\":\"ImageObject\",\"inLanguage\":\"de\",\"@id\":\"https:\/\/pro.grad-system.com\/#\/schema\/logo\/image\/\",\"url\":\"https:\/\/gradconcept.com\/wp-content\/uploads\/2021\/10\/GRAD-LOGO-NOIR-small.png\",\"contentUrl\":\"https:\/\/gradconcept.com\/wp-content\/uploads\/2021\/10\/GRAD-LOGO-NOIR-small.png\",\"width\":200,\"height\":94,\"caption\":\"Grad Concept\"},\"image\":{\"@id\":\"https:\/\/pro.grad-system.com\/#\/schema\/logo\/image\/\"},\"sameAs\":[\"https:\/\/fr-fr.facebook.com\/terrasses.grad\/\",\"https:\/\/www.instagram.com\/gradconcept\/?hl=fr\",\"https:\/\/fr.linkedin.com\/company\/grad-concept\",\"https:\/\/www.pinterest.fr\/Gradconcept\/\",\"https:\/\/www.youtube.com\/channel\/UCjOwQ6tPkPX2ZGkdIm6q0bQ\"]}]}<\/script>\n<!-- \/ Yoast SEO plugin. -->","yoast_head_json":{"title":"Ansprechpartner finden - Grad System - Espace Pro","robots":{"index":"noindex","follow":"nofollow"},"og_locale":"de_DE","og_type":"article","og_title":"Ansprechpartner finden - Grad System - Espace Pro","og_url":"https:\/\/pro.grad-system.com\/pro\/contact\/contacter-un-commercial\/","og_site_name":"Grad System - Espace Pro","article_publisher":"https:\/\/fr-fr.facebook.com\/terrasses.grad\/","article_modified_time":"2023-04-06T14:21:57+00:00","twitter_card":"summary_large_image","twitter_misc":{"Gesch\u00e4tzte Lesezeit":"14\u00a0Minuten"},"schema":{"@context":"https:\/\/schema.org","@graph":[{"@type":"WebPage","@id":"https:\/\/pro.grad-system.com\/pro\/contact\/contacter-un-commercial\/","url":"https:\/\/pro.grad-system.com\/pro\/contact\/contacter-un-commercial\/","name":"Ansprechpartner finden - Grad System - Espace Pro","isPartOf":{"@id":"https:\/\/pro.grad-system.com\/#website"},"datePublished":"2023-03-03T09:52:47+00:00","dateModified":"2023-04-06T14:21:57+00:00","breadcrumb":{"@id":"https:\/\/pro.grad-system.com\/pro\/contact\/contacter-un-commercial\/#breadcrumb"},"inLanguage":"de","potentialAction":[{"@type":"ReadAction","target":["https:\/\/pro.grad-system.com\/pro\/contact\/contacter-un-commercial\/"]}]},{"@type":"BreadcrumbList","@id":"https:\/\/pro.grad-system.com\/pro\/contact\/contacter-un-commercial\/#breadcrumb","itemListElement":[{"@type":"ListItem","position":1,"name":"Grad","item":"https:\/\/pro.grad-system.com\/"},{"@type":"ListItem","position":2,"name":"Profi-Bereich","item":"https:\/\/pro.grad-system.com\/"},{"@type":"ListItem","position":3,"name":"Kontakt","item":"https:\/\/pro.grad-system.com\/pro\/contact\/"},{"@type":"ListItem","position":4,"name":"Ansprechpartner finden"}]},{"@type":"WebSite","@id":"https:\/\/pro.grad-system.com\/#website","url":"https:\/\/pro.grad-system.com\/","name":"Grad System - Espace Pro","description":"Terrasse \u00e0 clipser","publisher":{"@id":"https:\/\/pro.grad-system.com\/#organization"},"potentialAction":[{"@type":"SearchAction","target":{"@type":"EntryPoint","urlTemplate":"https:\/\/pro.grad-system.com\/?s={search_term_string}"},"query-input":"required name=search_term_string"}],"inLanguage":"de"},{"@type":"Organization","@id":"https:\/\/pro.grad-system.com\/#organization","name":"Grad Concept","url":"https:\/\/pro.grad-system.com\/","logo":{"@type":"ImageObject","inLanguage":"de","@id":"https:\/\/pro.grad-system.com\/#\/schema\/logo\/image\/","url":"https:\/\/gradconcept.com\/wp-content\/uploads\/2021\/10\/GRAD-LOGO-NOIR-small.png","contentUrl":"https:\/\/gradconcept.com\/wp-content\/uploads\/2021\/10\/GRAD-LOGO-NOIR-small.png","width":200,"height":94,"caption":"Grad Concept"},"image":{"@id":"https:\/\/pro.grad-system.com\/#\/schema\/logo\/image\/"},"sameAs":["https:\/\/fr-fr.facebook.com\/terrasses.grad\/","https:\/\/www.instagram.com\/gradconcept\/?hl=fr","https:\/\/fr.linkedin.com\/company\/grad-concept","https:\/\/www.pinterest.fr\/Gradconcept\/","https:\/\/www.youtube.com\/channel\/UCjOwQ6tPkPX2ZGkdIm6q0bQ"]}]}},"_links":{"self":[{"href":"https:\/\/pro.grad-system.com\/de\/wp-json\/wp\/v2\/pages\/19347","targetHints":{"allow":["GET"]}}],"collection":[{"href":"https:\/\/pro.grad-system.com\/de\/wp-json\/wp\/v2\/pages"}],"about":[{"href":"https:\/\/pro.grad-system.com\/de\/wp-json\/wp\/v2\/types\/page"}],"author":[{"embeddable":true,"href":"https:\/\/pro.grad-system.com\/de\/wp-json\/wp\/v2\/users\/60"}],"replies":[{"embeddable":true,"href":"https:\/\/pro.grad-system.com\/de\/wp-json\/wp\/v2\/comments?post=19347"}],"version-history":[{"count":3,"href":"https:\/\/pro.grad-system.com\/de\/wp-json\/wp\/v2\/pages\/19347\/revisions"}],"predecessor-version":[{"id":20757,"href":"https:\/\/pro.grad-system.com\/de\/wp-json\/wp\/v2\/pages\/19347\/revisions\/20757"}],"up":[{"embeddable":true,"href":"https:\/\/pro.grad-system.com\/de\/wp-json\/wp\/v2\/pages\/19588"}],"wp:attachment":[{"href":"https:\/\/pro.grad-system.com\/de\/wp-json\/wp\/v2\/media?parent=19347"}],"curies":[{"name":"wp","href":"https:\/\/api.w.org\/{rel}","templated":true}]}}